{"id":15779,"date":"2019-03-19T17:27:23","date_gmt":"2019-03-19T16:27:23","guid":{"rendered":"https:\/\/eduardsole.es\/?page_id=15779"},"modified":"2019-03-20T16:26:39","modified_gmt":"2019-03-20T15:26:39","slug":"politica-de-cookies","status":"publish","type":"page","link":"https:\/\/eduardsole.es\/es\/politica-de-cookies\/","title":{"rendered":"Pol\u00edtica de cookies"},"content":{"rendered":"<section class=\"wpb-content-wrapper\"><p>[vc_row css_animation=\u00bb\u00bb row_type=\u00bbrow\u00bb use_row_as_full_screen_section=\u00bbno\u00bb type=\u00bbgrid\u00bb angled_section=\u00bbyes\u00bb angled_section_position=\u00bbbottom\u00bb angled_section_direction=\u00bbfrom_right_to_left\u00bb text_align=\u00bbleft\u00bb background_image_as_pattern=\u00bbwithout_pattern\u00bb padding_top=\u00bb20&#8243; padding_bottom=\u00bb0&#8243; z_index=\u00bb\u00bb][vc_column][vc_separator type=\u00bbtransparent\u00bb up=\u00bb27&#8243; down=\u00bb0&#8243;]<div class=\"custom_font_holder\" style=\"font-family: Raleway; font-size: 30px; line-height: 1.25empx; font-style: normal; font-weight: 900; color: #303030; text-decoration: none; letter-spacing: 3px; text-align: left;\">POL\u00cdTICA DE COOKIES<\/div>[vc_separator type=\u00bbtransparent\u00bb up=\u00bb27&#8243; down=\u00bb0&#8243;][vc_column_text]<\/p>\n<h5>\u00bfQU\u00c9 SON LAS COOKIES?<\/h5>\n<p>Las cookies son peque\u00f1os archivos de datos que se reciben en el terminal desde el sitio web visitado y se usan para registrar ciertas interacciones de la navegaci\u00f3n almacenando datos que podr\u00e1n ser actualizados y recuperadas. Estos archivos se almacenan en el ordenador del usuario y contienen datos an\u00f3nimos y no perjudiciales para su equipo. Se utilizan para recordar las preferencias del usuario, tales como el idioma seleccionado, los datos de acceso o la personalizaci\u00f3n de la p\u00e1gina.<\/p>\n<p>Las cookies tambi\u00e9n pueden ser utilizadas para registrar informaci\u00f3n an\u00f3nima sobre c\u00f3mo utiliza el lugar el visitante. Por ejemplo, desde qu\u00e9 p\u00e1gina web ha accedido o si ha utilizado un banner publicitario para llegar.<\/p>\n<p>&nbsp;<\/p>\n<h5>\u00bfPOR QU\u00c9 UTILIZAMOS COOKIES?<\/h5>\n<p>Utilizamos las cookies estrictamente necesarias y esenciales para que usted utilice nuestro sitio web y pueda moverse libremente, utilizar \u00e1reas seguras, configurar opciones personalizadas, etc. Adem\u00e1s, utilizamos cookies que recogen datos relativos al an\u00e1lisis de uso de la web. Estas se utilizan para ayudar a mejorar el servicio para el cliente, midiendo el uso y el rendimiento de la p\u00e1gina para optimizarla y personalizarla.<\/p>\n<p>Tambi\u00e9n podemos tener enlaces de redes sociales (como Facebook o Twitter). EDUARD SOL\u00c9 no controla las cookies utilizadas por estos webs externos. Para m\u00e1s informaci\u00f3n sobre las cookies de las redes sociales u otras webs ajenos, aconsejamos que revise sus propias pol\u00edticas de cookies.<\/p>\n<p>&nbsp;<\/p>\n<h5>\u00bfTIPO DE COOKIES<\/h5>\n<p><b>SEG\u00daN LA ENTIDAD QUE LAS GESTIONA:<\/b><\/p>\n<ul>\n<li><strong>Cookies propias:<\/strong> Las cookies propias son aquellas generadas por la p\u00e1gina que est\u00e1 visitando.<\/li>\n<li><strong>Cookies de terceros: <\/strong> Las cookies de terceros son aquellas generadas por servicios o proveedur\u00eda externos, tales como Facebook, Twitter, Google, etc.<\/li>\n<\/ul>\n<p><b>SEG\u00daN SU FINALIDAD:<\/b><\/p>\n<ul>\n<li><strong>Cookies t\u00e9cnicas:<\/strong> Las cookies t\u00e9cnicas son aquellas imprescindibles y estrictamente necesarios para el funcionamiento correcto de un portal web y la utilizaci\u00f3n de las diferentes opciones y servicios que ofrece. Por ejemplo, las que sirven para el mantenimiento de la sesi\u00f3n, gesti\u00f3n del tiempo de respuesta, rendimiento o validaci\u00f3n de opciones, uso de elementos de seguridad, compartici\u00f3n de contenido con redes sociales, etc.<\/li>\n<li><strong>Cookies de personalizaci\u00f3n: <\/strong> Estas cookies permiten al usuario especificar o personalizar algunas caracter\u00edsticas de las opciones generales de la p\u00e1gina web. Por ejemplo, definir el idioma, la configuraci\u00f3n regional o el tipo de navegador.<\/li>\n<li><strong>Cookies anal\u00edticas: <\/strong> Las cookies anal\u00edticas son las utilizadas para elaborar perfiles de navegaci\u00f3n y poder conocer las preferencias de los usuarios con el fin de mejorar la oferta de productos y servicios. Por ejemplo, mediante una cookie anal\u00edtica se controlar\u00edan las \u00e1reas geogr\u00e1ficas de mayor inter\u00e9s de un usuario, cu\u00e1l es el producto de m\u00e1s aceptaci\u00f3n, etc.<\/li>\n<li><strong>Cookies publicitarias \/ de publicidad: <\/strong> Las cookies publicitarias permiten la gesti\u00f3n de los espacios publicitarios de acuerdo con criterios concretos. Por ejemplo, la frecuencia de acceso, el contenido editado, etc. Las cookies publicitarias permiten, a trav\u00e9s de la gesti\u00f3n de la publicidad, almacenar informaci\u00f3n del comportamiento a trav\u00e9s de la observaci\u00f3n de h\u00e1bitos, estudiando los accesos y formando un perfil de preferencias del usuario, para ofrecerle publicidad relacionada con los intereses de su perfil.<\/li>\n<\/ul>\n<p><b>SEG\u00daN PLAZO:<\/b><\/p>\n<ul>\n<li><strong>Cookies de sesi\u00f3n:<\/strong> Las cookies de sesi\u00f3n son aquellas que duran el tiempo que el usuario est\u00e1 navegando por la p\u00e1gina web y se borran cuando acaba de hacerlo.<\/li>\n<li><strong>Cookies persistentes: <\/strong> Estas cookies quedan almacenadas en el terminal del usuario durante un tiempo m\u00e1s largo, facilitando as\u00ed el control de las preferencias elegidas sin tener que repetir ciertos par\u00e1metros cada vez que se visite sitio web.<\/li>\n<\/ul>\n<p>&nbsp;<\/p>\n<h5>IDENTIFICACI\u00d3N DE LAS COOKIES DE ESTA P\u00c1GINA<\/h5>\n<p>Las cookies recogidas en esta p\u00e1gina web pueden ser tratadas por nosotros y tambi\u00e9n para los terceros que se relacionan a continuaci\u00f3n, con los que hemos contratado la prestaci\u00f3n de servicios para los que se requiere el uso de cookies:<\/p>\n<table id=\"TaulaCookies\" border=\"1\" width=\"100%\" cellspacing=\"0\" cellpadding=\"0\">\n<tbody>\n<tr class=\"row1\">\n<td valign=\"top\" width=\"40%\">Nombre de la \u00abcookie\u00bb<\/td>\n<td valign=\"top\" width=\"60%\">Descripci\u00f3n<\/td>\n<\/tr>\n<tr>\n<td valign=\"top\" width=\"\">\u00abCookies\u00bb de Google Analytics<\/td>\n<td valign=\"top\" width=\"\">Utilizamos Google Analytics, un servicio de anal\u00edtica web que ofrece Google, Inc. y que permite analizar el tr\u00e1fico de nuestras p\u00e1ginas. Google Analytics utiliza \u00abcookies\u00bb para recoger esta informaci\u00f3n. Entre los datos que recoge, hay tu IP.<br \/>\nPara obtener m\u00e1s informaci\u00f3n sobre el uso que hace Google Analytics de los datos que recoge, <a href=\"https:\/\/support.google.com\/analytics\/topic\/2919631?hl=ca&amp;ref_topic=1008008\" target=\"_blank\" rel=\"noopener noreferrer\">consulta su pol\u00edtica de privacidad<\/a>.<br \/>\nPara eliminar esta \u00abcookie\u00bb, consulta este <a href=\"https:\/\/tools.google.com\/dlpage\/gaoptout\" target=\"_blank\" rel=\"noopener noreferrer\">enlace<\/a>.<\/td>\n<\/tr>\n<\/tbody>\n<\/table>\n<p>&nbsp;<\/p>\n<h5>\u00bfCOMO DESACTIVAR O ELIMINAR LAS COOKIES?<\/h5>\n<p>Para cumplir con la legislaci\u00f3n vigente, tenemos que pedirle permiso para gestionar cookies. Si decide no autorizar el tratamiento indic\u00e1ndonos que no est\u00e1 de acuerdo, s\u00f3lo utilizar\u00edamos las cookies t\u00e9cnicas, ya que son imprescindibles para navegar por nuestra web. En este caso, no emmagatzemar\u00edem ninguna cookie. Si contin\u00faa navegando por nuestro sitio web sin denegar la autorizaci\u00f3n, esto implica que acepta el uso.<\/p>\n<p>Tenga en cuenta que si rechaza o borra las cookies de navegaci\u00f3n por la web de EDUARD SOL\u00c9, no podremos mantener sus preferencias, algunas caracter\u00edsticas de las p\u00e1ginas no estar\u00e1n operativas, no podremos ofrecerle servicios personalizados y cada vez que navegue por nuestra web tendremos de sol \u2022 licitar de nuevo su autorizaci\u00f3n para el uso de cookies.<\/p>\n<p>Si, sin embargo, decide modificar la configuraci\u00f3n de su acceso a la p\u00e1gina web, debe saber que es posible eliminar las cookies o impedir que se registre esta informaci\u00f3n en su equipo en cualquier momento mediante la modificaci\u00f3n de los par\u00e1metros de configuraci\u00f3n de su navegador:<\/p>\n<ul>\n<li><a href=\"https:\/\/windows.microsoft.com\/es-es\/windows-vista\/block-or-allow-cookies\" target=\"_blank\" rel=\"noopener noreferrer\">Configuraci\u00f3n de cookies d&#8217;Internet Explorer<\/a><\/li>\n<li><a href=\"https:\/\/support.mozilla.org\/ca\/kb\/activa-i-desactiva-les-galetes-que-les-pagines-web\" target=\"_blank\" rel=\"noopener noreferrer\">Configuraci\u00f3n de cookies de Firefox<\/a><\/li>\n<li><a href=\"https:\/\/support.google.com\/chrome\/answer\/95647?hl=ca\" target=\"_blank\" rel=\"noopener noreferrer\">Configuraci\u00f3n de cookies de Google Chrome<\/a><\/li>\n<li><a href=\"https:\/\/support.apple.com\/kb\/HT1677?viewlocale=es_ES&amp;locale=es_ES\" target=\"_blank\" rel=\"noopener noreferrer\">Configuraci\u00f3n de cookies de Safari<\/a><\/li>\n<\/ul>\n<p>Estos navegadores est\u00e1n sometidos a cambios o modificaciones, por lo que no podemos garantizar que se ajusten completamente a la versi\u00f3n de su navegador. Para evitar estos desajustes, puede acceder directamente desde las opciones de su navegador que se encuentra generalmente en el men\u00fa de Opciones, en la secci\u00f3n de \u00abPrivacidad\u00bb. (Por favor, consulte la ayuda de su navegador para m\u00e1s informaci\u00f3n.)<\/p>\n<p>&nbsp;<\/p>\n<h5>\u00bfQU\u00c9 SIGNIFICA ACEPTAR LAS COOKIES?<\/h5>\n<p>Si acepta nuestras cookies, nos permite la mejora de la web de EDUARD SOL\u00c9 para ofrecerle un acceso \u00f3ptimo y darle un servicio m\u00e1s eficaz y personalizado.<\/p>\n<p>Adem\u00e1s, usted puede configurar su navegador para establecer que s\u00f3lo los sitios web de confianza o las p\u00e1ginas por las que est\u00e1 navegando en este momento puedan gestionar cookies, lo que le permite seleccionar sus preferencias.<\/p>\n<p>Con esta pol\u00edtica, EDUARD SOL\u00c9 demuestra el compromiso adquirido con la legislaci\u00f3n vigente sobre el uso de cookies, d\u00e1ndole informaci\u00f3n que usted pueda comprender qu\u00e9 tipo de cookies utilizaremos y por qu\u00e9 lo hacemos. Con ello pretendemos proporcionarle transparencia en relaci\u00f3n a los datos tratados durante la navegaci\u00f3n hecha desde su equipo en nuestra web.<\/p>\n<p>Esta pol\u00edtica se revisa peri\u00f3dicamente para asegurar su vigencia, por lo que puede ser modificada. Le recomendamos que visite la p\u00e1gina con regularidad, donde le informaremos de cualquier actualizaci\u00f3n.[\/vc_column_text][vc_separator type=\u00bbtransparent\u00bb up=\u00bb24&#8243; down=\u00bb0&#8243;][\/vc_column][\/vc_row]<\/p>\n<\/section>","protected":false},"excerpt":{"rendered":"<p>[vc_row css_animation=\u00bb\u00bb row_type=\u00bbrow\u00bb use_row_as_full_screen_section=\u00bbno\u00bb type=\u00bbgrid\u00bb angled_section=\u00bbyes\u00bb angled_section_position=\u00bbbottom\u00bb angled_section_direction=\u00bbfrom_right_to_left\u00bb text_align=\u00bbleft\u00bb background_image_as_pattern=\u00bbwithout_pattern\u00bb padding_top=\u00bb20&#8243; padding_bottom=\u00bb0&#8243; z_index=\u00bb\u00bb][vc_column][vc_separator type=\u00bbtransparent\u00bb up=\u00bb27&#8243; down=\u00bb0&#8243;][vc_separator type=\u00bbtransparent\u00bb up=\u00bb27&#8243; down=\u00bb0&#8243;][vc_column_text] \u00bfQU\u00c9 SON LAS COOKIES? Las cookies son peque\u00f1os archivos de datos que se reciben en el terminal desde el sitio web visitado y se usan para&#8230;<\/p>\n","protected":false},"author":2,"featured_media":0,"parent":0,"menu_order":0,"comment_status":"closed","ping_status":"closed","template":"full_width.php","meta":{"footnotes":""},"yoast_head":"<!-- This site is optimized with the Yoast SEO plugin v21.4 - https:\/\/yoast.com\/wordpress\/plugins\/seo\/ -->\n<title>Pol\u00edtica de cookies | Smart Home | Dom\u00f2tica<\/title>\n<meta name=\"robots\" content=\"noindex, nofollow\" \/>\n<meta property=\"og:locale\" content=\"es_ES\" \/>\n<meta property=\"og:type\" content=\"article\" \/>\n<meta property=\"og:title\" content=\"Pol\u00edtica de cookies | Smart Home | Dom\u00f2tica\" \/>\n<meta property=\"og:description\" content=\"[vc_row css_animation=\u00bb\u00bb row_type=\u00bbrow\u00bb use_row_as_full_screen_section=\u00bbno\u00bb type=\u00bbgrid\u00bb angled_section=\u00bbyes\u00bb angled_section_position=\u00bbbottom\u00bb angled_section_direction=\u00bbfrom_right_to_left\u00bb text_align=\u00bbleft\u00bb background_image_as_pattern=\u00bbwithout_pattern\u00bb padding_top=\u00bb20&#8243; padding_bottom=\u00bb0&#8243; z_index=\u00bb\u00bb][vc_column][vc_separator type=\u00bbtransparent\u00bb up=\u00bb27&#8243; down=\u00bb0&#8243;][vc_separator type=\u00bbtransparent\u00bb up=\u00bb27&#8243; down=\u00bb0&#8243;][vc_column_text] \u00bfQU\u00c9 SON LAS COOKIES? Las cookies son peque\u00f1os archivos de datos que se reciben en el terminal desde el sitio web visitado y se usan para...\" \/>\n<meta property=\"og:url\" content=\"https:\/\/eduardsole.es\/politica-de-cookies\/\" \/>\n<meta property=\"og:site_name\" content=\"Smart Home | Dom\u00f2tica\" \/>\n<meta property=\"article:modified_time\" content=\"2019-03-20T15:26:39+00:00\" \/>\n<meta name=\"twitter:card\" content=\"summary_large_image\" \/>\n<meta name=\"twitter:label1\" content=\"Tiempo de lectura\" \/>\n\t<meta name=\"twitter:data1\" content=\"7 minutos\" \/>\n<script type=\"application\/ld+json\" class=\"yoast-schema-graph\">{\"@context\":\"https:\/\/schema.org\",\"@graph\":[{\"@type\":\"WebPage\",\"@id\":\"https:\/\/eduardsole.es\/politica-de-cookies\/\",\"url\":\"https:\/\/eduardsole.es\/politica-de-cookies\/\",\"name\":\"Pol\u00edtica de cookies | Smart Home | Dom\u00f2tica\",\"isPartOf\":{\"@id\":\"https:\/\/eduardsole.es\/#website\"},\"datePublished\":\"2019-03-19T16:27:23+00:00\",\"dateModified\":\"2019-03-20T15:26:39+00:00\",\"breadcrumb\":{\"@id\":\"https:\/\/eduardsole.es\/politica-de-cookies\/#breadcrumb\"},\"inLanguage\":\"es\",\"potentialAction\":[{\"@type\":\"ReadAction\",\"target\":[\"https:\/\/eduardsole.es\/politica-de-cookies\/\"]}]},{\"@type\":\"BreadcrumbList\",\"@id\":\"https:\/\/eduardsole.es\/politica-de-cookies\/#breadcrumb\",\"itemListElement\":[{\"@type\":\"ListItem\",\"position\":1,\"name\":\"Inici\",\"item\":\"https:\/\/eduardsole.es\/es\/\"},{\"@type\":\"ListItem\",\"position\":2,\"name\":\"Pol\u00edtica de cookies\"}]},{\"@type\":\"WebSite\",\"@id\":\"https:\/\/eduardsole.es\/#website\",\"url\":\"https:\/\/eduardsole.es\/\",\"name\":\"Smart Home | Dom\u00f2tica\",\"description\":\"Benestar, efici\u00e8ncia i sostenibilitat\",\"potentialAction\":[{\"@type\":\"SearchAction\",\"target\":{\"@type\":\"EntryPoint\",\"urlTemplate\":\"https:\/\/eduardsole.es\/?s={search_term_string}\"},\"query-input\":\"required name=search_term_string\"}],\"inLanguage\":\"es\"}]}<\/script>\n<!-- \/ Yoast SEO plugin. -->","yoast_head_json":{"title":"Pol\u00edtica de cookies | Smart Home | Dom\u00f2tica","robots":{"index":"noindex","follow":"nofollow"},"og_locale":"es_ES","og_type":"article","og_title":"Pol\u00edtica de cookies | Smart Home | Dom\u00f2tica","og_description":"[vc_row css_animation=\u00bb\u00bb row_type=\u00bbrow\u00bb use_row_as_full_screen_section=\u00bbno\u00bb type=\u00bbgrid\u00bb angled_section=\u00bbyes\u00bb angled_section_position=\u00bbbottom\u00bb angled_section_direction=\u00bbfrom_right_to_left\u00bb text_align=\u00bbleft\u00bb background_image_as_pattern=\u00bbwithout_pattern\u00bb padding_top=\u00bb20&#8243; padding_bottom=\u00bb0&#8243; z_index=\u00bb\u00bb][vc_column][vc_separator type=\u00bbtransparent\u00bb up=\u00bb27&#8243; down=\u00bb0&#8243;][vc_separator type=\u00bbtransparent\u00bb up=\u00bb27&#8243; down=\u00bb0&#8243;][vc_column_text] \u00bfQU\u00c9 SON LAS COOKIES? Las cookies son peque\u00f1os archivos de datos que se reciben en el terminal desde el sitio web visitado y se usan para...","og_url":"https:\/\/eduardsole.es\/politica-de-cookies\/","og_site_name":"Smart Home | Dom\u00f2tica","article_modified_time":"2019-03-20T15:26:39+00:00","twitter_card":"summary_large_image","twitter_misc":{"Tiempo de lectura":"7 minutos"},"schema":{"@context":"https:\/\/schema.org","@graph":[{"@type":"WebPage","@id":"https:\/\/eduardsole.es\/politica-de-cookies\/","url":"https:\/\/eduardsole.es\/politica-de-cookies\/","name":"Pol\u00edtica de cookies | Smart Home | Dom\u00f2tica","isPartOf":{"@id":"https:\/\/eduardsole.es\/#website"},"datePublished":"2019-03-19T16:27:23+00:00","dateModified":"2019-03-20T15:26:39+00:00","breadcrumb":{"@id":"https:\/\/eduardsole.es\/politica-de-cookies\/#breadcrumb"},"inLanguage":"es","potentialAction":[{"@type":"ReadAction","target":["https:\/\/eduardsole.es\/politica-de-cookies\/"]}]},{"@type":"BreadcrumbList","@id":"https:\/\/eduardsole.es\/politica-de-cookies\/#breadcrumb","itemListElement":[{"@type":"ListItem","position":1,"name":"Inici","item":"https:\/\/eduardsole.es\/es\/"},{"@type":"ListItem","position":2,"name":"Pol\u00edtica de cookies"}]},{"@type":"WebSite","@id":"https:\/\/eduardsole.es\/#website","url":"https:\/\/eduardsole.es\/","name":"Smart Home | Dom\u00f2tica","description":"Benestar, efici\u00e8ncia i sostenibilitat","potentialAction":[{"@type":"SearchAction","target":{"@type":"EntryPoint","urlTemplate":"https:\/\/eduardsole.es\/?s={search_term_string}"},"query-input":"required name=search_term_string"}],"inLanguage":"es"}]}},"_links":{"self":[{"href":"https:\/\/eduardsole.es\/es\/wp-json\/wp\/v2\/pages\/15779"}],"collection":[{"href":"https:\/\/eduardsole.es\/es\/wp-json\/wp\/v2\/pages"}],"about":[{"href":"https:\/\/eduardsole.es\/es\/wp-json\/wp\/v2\/types\/page"}],"author":[{"embeddable":true,"href":"https:\/\/eduardsole.es\/es\/wp-json\/wp\/v2\/users\/2"}],"replies":[{"embeddable":true,"href":"https:\/\/eduardsole.es\/es\/wp-json\/wp\/v2\/comments?post=15779"}],"version-history":[{"count":5,"href":"https:\/\/eduardsole.es\/es\/wp-json\/wp\/v2\/pages\/15779\/revisions"}],"predecessor-version":[{"id":15864,"href":"https:\/\/eduardsole.es\/es\/wp-json\/wp\/v2\/pages\/15779\/revisions\/15864"}],"wp:attachment":[{"href":"https:\/\/eduardsole.es\/es\/wp-json\/wp\/v2\/media?parent=15779"}],"curies":[{"name":"wp","href":"https:\/\/api.w.org\/{rel}","templated":true}]}}